{"id":262,"date":"2020-09-23T11:16:42","date_gmt":"2020-09-23T11:16:42","guid":{"rendered":"https:\/\/alicia.a3ensemble.com\/?page_id=10"},"modified":"2022-02-21T17:05:35","modified_gmt":"2022-02-21T17:05:35","slug":"coaching-vocal","status":"publish","type":"page","link":"https:\/\/aliciamartinezbonfill.com\/index.php\/coaching-vocal\/","title":{"rendered":"Vocal coaching"},"content":{"rendered":"\n<div class=\"wp-block-columns\">\n<div class=\"wp-block-column\" style=\"flex-basis:66.66%\">\n<p>La nostra \u00e0nima es reflecteix en la nostra veu, i cantar \u00e9s una de les seves expressions m\u00e9s sublims. La t\u00e8cnica vocal \u00e9s el conjunt d\u2019eines que ens permet transmetre una paleta \u00e0mplia d\u2019emocions cantades, i adquirir-la \u00e9s un cam\u00ed fascinant per\u00f2 tamb\u00e9 ple de cru\u00eflles que plantegen dubtes. Al llarg de la meva traject\u00f2ria he constatat la necessitat de construir la t\u00e8cnica des de la funcionalitat i la salut vocal, ja que les estructures de l\u2019aparell fonador estan interconnectades i fer-les treballar equilibradament \u00e9s el que possibilita que la veu emani lliure per transmetre el missatge art\u00edstic de cadasc\u00fa sense limitacions i, sobretot, amb gaudi.<\/p>\n\n\n\n<p>He vist estudiants que defalleixen en el seu cam\u00ed de cantar degut a un escull t\u00e8cnic que ha resultat insalvable des de l\u2019abstracci\u00f3 que impera a les classes de cant tradicionals, he vist cantants professionals que perden la seguretat en s\u00ed mateixos en constatar que la veu els deixa de respondre de la manera habitual, o que despr\u00e9s de rebre el diagn\u00f2stic d\u2019una lesi\u00f3 a les cordes vocals pateixen en silenci perqu\u00e8 dins el gremi aquestes afectacions son un tab\u00fa, he vist persones que reprimeixen el seu desig de cantar perqu\u00e8 consideren que tenen \u201cmala veu\u201d o que han perdut facultats. A m\u00e9s, les alteracions del rendiment tenen tamb\u00e9 una vessant d\u2019afectaci\u00f3 emocional que les alimenta. Un an\u00e0lisi des d\u2019una perspectiva funcional els ha ajudat a trencar aquest cercle vici\u00f3s i els ha empoderat, perqu\u00e8 un cop han ent\u00e8s qu\u00e8 els passava ha estat possible apaivagar les creences limitatives i establir un pla de treball personalitzat.<\/p>\n\n\n\n<p>&nbsp;<strong>\u201dTotes les veus son dignes d\u2019expressar-se cantant, no hi ha veus que no valguin, nom\u00e9s dificultats a treballar.\u201d<\/strong><strong><\/strong><\/p>\n\n\n\n<p>Parteixo del m\u00e9s absolut convenciment que totes les veus son dignes d\u2019expressar-se cantant, no hi ha veus que no valguin, hi ha dificultats a treballar. Aquest sentir m\u2019ha dut a especialitzar-me en l\u2019estudi del cant des d\u2019una perspectiva hol\u00edstica de la funci\u00f3 vocal dins de la corpore\u00eftat, i he constatat que el meu convenciment no era nom\u00e9s una creen\u00e7a o una il\u00b7lusi\u00f3, sino una realitat tangible. Estic titulada en Intervenci\u00f3 logop\u00e8dica en transtorns de la veu per la Universitat Ramon Llull i formada en els nivells I i II d\u2019Estill Voice Training (Voice Craft). He exercit com a professora de cant i <em>vocal coach<\/em> en diverses escoles i cors, com l\u2019Albada i Ariadna de l\u2019agrupaci\u00f3 Cor Madrigal i, actualment, la Societat Coral Amics de la Uni\u00f3 de Granollers, la consulta logop\u00e8dica Alta-veu de Barcelona i a nivell privat. Treballo amb cantants de diferents estils i necessitats, com poden ser cantar en un cor o en un grup, trobar la pr\u00f2pia personalitat vocal, donar continuitat a un tractament logop\u00e8dic, acomodar la veu a canvis corporals de natura diversa, preparar proves d\u2019acc\u00e9s a estudis superiors, muntar un rol o transitar un canvi de repertori. Acompanyo els alumnes buscant els bons trencalls i les millors dreceres que els situin en el seu cam\u00ed de confort, salut i gaudi vocals dels del qual flueixi el seu cant.<\/p>\n<\/div>\n\n\n\n<div class=\"wp-block-column\" style=\"flex-basis:33.33%\">\n<div class=\"wp-block-getwid-image-box has-text-center has-mobile-layout-default has-mobile-alignment-default\"><div class=\"wp-block-getwid-image-box__image-container is-position-top\"><div class=\"wp-block-getwid-image-box__image-wrapper\"><img loading=\"lazy\" width=\"1707\" height=\"2560\" src=\"http:\/\/aliciamartinezbonfill.com\/wp-content\/uploads\/2022\/02\/Foto-apartat-vocal-coach-scaled.jpeg\" alt=\"\" class=\"wp-block-getwid-image-box__image wp-image-304\" srcset=\"https:\/\/aliciamartinezbonfill.com\/wp-content\/uploads\/2022\/02\/Foto-apartat-vocal-coach-scaled.jpeg 1707w, https:\/\/aliciamartinezbonfill.com\/wp-content\/uploads\/2022\/02\/Foto-apartat-vocal-coach-200x300.jpeg 200w, https:\/\/aliciamartinezbonfill.com\/wp-content\/uploads\/2022\/02\/Foto-apartat-vocal-coach-683x1024.jpeg 683w, https:\/\/aliciamartinezbonfill.com\/wp-content\/uploads\/2022\/02\/Foto-apartat-vocal-coach-768x1152.jpeg 768w, https:\/\/aliciamartinezbonfill.com\/wp-content\/uploads\/2022\/02\/Foto-apartat-vocal-coach-1024x1536.jpeg 1024w, https:\/\/aliciamartinezbonfill.com\/wp-content\/uploads\/2022\/02\/Foto-apartat-vocal-coach-1365x2048.jpeg 1365w, https:\/\/aliciamartinezbonfill.com\/wp-content\/uploads\/2022\/02\/Foto-apartat-vocal-coach-600x900.jpeg 600w\" sizes=\"(max-width: 1707px) 100vw, 1707px\" \/><\/div><\/div><div class=\"wp-block-getwid-image-box__content\">\n<h3><\/h3>\n\n\n\n<p><\/p>\n<\/div><\/div>\n<\/div>\n<\/div>\n","protected":false},"excerpt":{"rendered":"<p>La nostra \u00e0nima es reflecteix en la nostra veu, i cantar \u00e9s una de les seves expressions m\u00e9s sublims. La t\u00e8cnica vocal \u00e9s el conjunt d\u2019eines que ens permet transmetre [&hellip;]<\/p>\n","protected":false},"author":1,"featured_media":0,"parent":0,"menu_order":0,"comment_status":"closed","ping_status":"closed","template":"","meta":{"_genesis_hide_title":true,"_genesis_hide_breadcrumbs":false,"_genesis_hide_singular_image":false,"_genesis_hide_footer_widgets":false,"_genesis_custom_body_class":"","_genesis_custom_post_class":"","_genesis_layout":"full-width-content","ngg_post_thumbnail":0},"_links":{"self":[{"href":"https:\/\/aliciamartinezbonfill.com\/index.php\/wp-json\/wp\/v2\/pages\/262"}],"collection":[{"href":"https:\/\/aliciamartinezbonfill.com\/index.php\/wp-json\/wp\/v2\/pages"}],"about":[{"href":"https:\/\/aliciamartinezbonfill.com\/index.php\/wp-json\/wp\/v2\/types\/page"}],"author":[{"embeddable":true,"href":"https:\/\/aliciamartinezbonfill.com\/index.php\/wp-json\/wp\/v2\/users\/1"}],"replies":[{"embeddable":true,"href":"https:\/\/aliciamartinezbonfill.com\/index.php\/wp-json\/wp\/v2\/comments?post=262"}],"version-history":[{"count":2,"href":"https:\/\/aliciamartinezbonfill.com\/index.php\/wp-json\/wp\/v2\/pages\/262\/revisions"}],"predecessor-version":[{"id":306,"href":"https:\/\/aliciamartinezbonfill.com\/index.php\/wp-json\/wp\/v2\/pages\/262\/revisions\/306"}],"wp:attachment":[{"href":"https:\/\/aliciamartinezbonfill.com\/index.php\/wp-json\/wp\/v2\/media?parent=262"}],"curies":[{"name":"wp","href":"https:\/\/api.w.org\/{rel}","templated":true}]}}